{"id":570,"date":"2021-09-02T04:23:49","date_gmt":"2021-09-02T04:23:49","guid":{"rendered":"https:\/\/wp1.efforttech.com\/newwp\/nitech\/?page_id=570"},"modified":"2022-04-28T15:25:56","modified_gmt":"2022-04-28T15:25:56","slug":"contact","status":"publish","type":"page","link":"https:\/\/www.tech-innosoft.com\/index.php\/contact\/","title":{"rendered":"Contact"},"content":{"rendered":"\t\t<div data-elementor-type=\"wp-page\" data-elementor-id=\"570\" class=\"elementor elementor-570\">\n\t\t\t\t\t\t\t\t\t<section class=\"elementor-section elementor-top-section elementor-element elementor-element-10b6fb3 elementor-section-full_width elementor-section-height-default elementor-section-height-default\" data-id=\"10b6fb3\" data-element_type=\"section\">\n\t\t\t\t\t\t<div class=\"elementor-container elementor-column-gap-default\">\n\t\t\t\t\t<div class=\"elementor-column elementor-col-100 elementor-top-column elementor-element elementor-element-c8db852\" data-id=\"c8db852\" data-element_type=\"column\">\n\t\t\t<div class=\"elementor-widget-wrap elementor-element-populated\">\n\t\t\t\t\t\t\t\t<div class=\"elementor-element elementor-element-32b8f0b elementor-widget elementor-widget-nitech_contact_info\" data-id=\"32b8f0b\" data-element_type=\"widget\" data-widget_type=\"nitech_contact_info.default\">\n\t\t\t\t<div class=\"elementor-widget-container\">\n\t\t\t\n\t<!-- Contact Page Section -->\n\t<section class=\"contact-page-section\">\n\t\t<div class=\"auto-container\">\n\t\t\t            <!-- Sec Title \/ Style Four -->\n\t\t\t<div class=\"sec-title style-four centered\">\n\t\t\t\t<div class=\"title\">Information sur nos Contacts<\/div>\t\t\t\t<h2>Nous voulons vous aidez<\/h2>\t\t\t\t<div class=\"text\">N'h\u00e9sitez pas \u00e0 nous contacter en utilisant le formulaire ci-dessous. Nous serions ravis d'entendre vos\npens\u00e9es et de r\u00e9pondre \u00e0 toutes vos questions !\n<\/div>\t\t\t<\/div>\n            \t\t\t<div class=\"row clearfix\">\n\t\t\t\t\n\t\t\t\t\t\t\t\t<!-- Info Column -->\n\t\t\t\t<div class=\"info-column col-lg-4 col-md-6 col-sm-12\">\n\t\t\t\t\t<div class=\"inner-column\">\n\t\t\t\t\t\t<div class=\"content\">\n\t\t\t\t\t\t\t<div class=\"icon flaticon-placeholder\"><\/div>\n\t\t\t\t\t\t\t<strong>Addresse:<\/strong>\n\t\t\t\t\t\t\t<div class=\"text\">90, Avenue March\u00e9 Central, Bunia,  RDC<\/div>\n\t\t\t\t\t\t<\/div>\n\t\t\t\t\t<\/div>\n\t\t\t\t<\/div>\n\t\t\t\t\t\t\t\t<!-- Info Column -->\n\t\t\t\t<div class=\"info-column col-lg-4 col-md-6 col-sm-12\">\n\t\t\t\t\t<div class=\"inner-column\">\n\t\t\t\t\t\t<div class=\"content\">\n\t\t\t\t\t\t\t<div class=\"icon flaticon-telephone-1\"><\/div>\n\t\t\t\t\t\t\t<strong>T\u00e9l\u00e9phone:<\/strong>\n\t\t\t\t\t\t\t<div class=\"text\"><a href=\"tel:+243823577612\">(+243) 823 577 612<\/a> <br>\n<a href=\"tel:+243811969522\">(+243) 811 969 522<\/a><\/div>\n\t\t\t\t\t\t<\/div>\n\t\t\t\t\t<\/div>\n\t\t\t\t<\/div>\n\t\t\t\t\t\t\t\t<!-- Info Column -->\n\t\t\t\t<div class=\"info-column col-lg-4 col-md-6 col-sm-12\">\n\t\t\t\t\t<div class=\"inner-column\">\n\t\t\t\t\t\t<div class=\"content\">\n\t\t\t\t\t\t\t<div class=\"icon flaticon-email-3\"><\/div>\n\t\t\t\t\t\t\t<strong>Email:<\/strong>\n\t\t\t\t\t\t\t<div class=\"text\">\n<a href=\"mailto:service@tech-innosoft.com\">service@tech-innosoft.com<\/a> <br>\n<a href=\"mailto:info@tech-innosoft.com\">info@tech-innosoft.com<\/a><\/div>\n\t\t\t\t\t\t<\/div>\n\t\t\t\t\t<\/div>\n\t\t\t\t<\/div>\n\t\t\t\t\t\t\t<\/div>\n\t\t\t\t\t<\/div>\n\t<\/section>\n\t\n\t<!-- End Contact Page Section -->\n\t\t\n    \t\t<\/div>\n\t\t\t\t<\/div>\n\t\t\t\t\t<\/div>\n\t\t<\/div>\n\t\t\t\t\t\t\t<\/div>\n\t\t<\/section>\n\t\t\t\t<section class=\"elementor-section elementor-top-section elementor-element elementor-element-d048c90 elementor-section-full_width elementor-section-height-default elementor-section-height-default\" data-id=\"d048c90\" data-element_type=\"section\">\n\t\t\t\t\t\t<div class=\"elementor-container elementor-column-gap-default\">\n\t\t\t\t\t<div class=\"elementor-column elementor-col-100 elementor-top-column elementor-element elementor-element-7eba6da\" data-id=\"7eba6da\" data-element_type=\"column\">\n\t\t\t<div class=\"elementor-widget-wrap elementor-element-populated\">\n\t\t\t\t\t\t\t\t<div class=\"elementor-element elementor-element-31c679d elementor-widget elementor-widget-nitech_contact_us_v2\" data-id=\"31c679d\" data-element_type=\"widget\" data-widget_type=\"nitech_contact_us_v2.default\">\n\t\t\t\t<div class=\"elementor-widget-container\">\n\t\t\t\n\t<!-- Contact Form Section Two -->\n\t<section class=\"contact-form-section-two\">\n\t\t<div class=\"pattern-layer\" style=\"background-image:url(https:\/\/www.tech-innosoft.com\/wp-content\/uploads\/2021\/09\/pattern-27.png)\"><\/div>\t\t<div class=\"auto-container\">\n\t\t\t\n\t\t\t<!-- Form Column -->\n\t\t\t<div class=\"form-boxed\">\n\t\t\t\t\t\t\t\t<!-- Sec Title \/ Style Three -->\n\t\t\t\t<div class=\"sec-title style-three\">\n\t\t\t\t\t<div class=\"title\">Entr\u00e9 en contact<\/div>\t\t\t\t\t<h2>Echange avec nous<\/h2>\t\t\t\t<\/div>\n                                \t\t\t\t<!-- Default Form \/ Style Two -->\n\t\t\t\t<div class=\"default-form style-two contact-form\">\n\t\t\t\t\t<div role=\"form\" class=\"wpcf7\" id=\"wpcf7-f555-o1\" lang=\"en-US\" dir=\"ltr\">\n<div class=\"screen-reader-response\"><p role=\"status\" aria-live=\"polite\" aria-atomic=\"true\"><\/p> <ul><\/ul><\/div>\n<form action=\"\/index.php\/wp-json\/wp\/v2\/pages\/570#wpcf7-f555-o1\" method=\"post\" class=\"wpcf7-form init\" novalidate=\"novalidate\" data-status=\"init\">\n<div style=\"display: none;\">\n<input type=\"hidden\" name=\"_wpcf7\" value=\"555\" \/>\n<input type=\"hidden\" name=\"_wpcf7_version\" value=\"5.5.6\" \/>\n<input type=\"hidden\" name=\"_wpcf7_locale\" value=\"en_US\" \/>\n<input type=\"hidden\" name=\"_wpcf7_unit_tag\" value=\"wpcf7-f555-o1\" \/>\n<input type=\"hidden\" name=\"_wpcf7_container_post\" value=\"0\" \/>\n<input type=\"hidden\" name=\"_wpcf7_posted_data_hash\" value=\"\" \/>\n<\/div>\n<div class=\"row clearfix\">\n<div class=\"form-group col-lg-6 col-md-6 col-sm-12\">\n<span class=\"icon flaticon-user\"><\/span><span class=\"wpcf7-form-control-wrap text-824\"><input type=\"text\" name=\"text-824\" value=\"\" size=\"40\" class=\"wpcf7-form-control wpcf7-text wpcf7-validates-as-required\" aria-required=\"true\" aria-invalid=\"false\" placeholder=\"Your Name\" \/><\/span>\n<\/div>\n<div class=\"form-group col-lg-6 col-md-6 col-sm-12\">\n<span class=\"icon flaticon-email-2\"><\/span><span class=\"wpcf7-form-control-wrap email-155\"><input type=\"email\" name=\"email-155\" value=\"\" size=\"40\" class=\"wpcf7-form-control wpcf7-text wpcf7-email wpcf7-validates-as-required wpcf7-validates-as-email\" aria-required=\"true\" aria-invalid=\"false\" placeholder=\"Your Email\" \/><\/span>\n<\/div>\n<div class=\"form-group col-lg-6 col-md-6 col-sm-12\">\n<span class=\"icon flaticon-chat-bubbles-with-ellipsis\"><\/span><span class=\"wpcf7-form-control-wrap text-825\"><input type=\"text\" name=\"text-825\" value=\"\" size=\"40\" class=\"wpcf7-form-control wpcf7-text wpcf7-validates-as-required\" aria-required=\"true\" aria-invalid=\"false\" placeholder=\"Subject\" \/><\/span>\n<\/div>\n<div class=\"form-group col-lg-6 col-md-6 col-sm-12\">\n<span class=\"icon flaticon-user\"><\/span><span class=\"wpcf7-form-control-wrap text-826\"><input type=\"text\" name=\"text-826\" value=\"\" size=\"40\" class=\"wpcf7-form-control wpcf7-text wpcf7-validates-as-required\" aria-required=\"true\" aria-invalid=\"false\" placeholder=\"Phone Number\" \/><\/span>\n<\/div>\n<div class=\"form-group col-lg-12 col-md-12 col-sm-12\">\n<span class=\"wpcf7-form-control-wrap textarea-858\"><textarea name=\"textarea-858\" cols=\"40\" rows=\"10\" class=\"wpcf7-form-control wpcf7-textarea wpcf7-validates-as-required\" aria-required=\"true\" aria-invalid=\"false\" placeholder=\"Message\"><\/textarea><\/span>\n<\/div>\n<div class=\"form-group col-lg-12 col-md-12 col-sm-12\">\n<div class=\"clearfix\">\n<div class=\"pull-left\">\n<div class=\"form-group\">\n<button type=\"submit\" class=\"theme-btn submit-btn\"><span class=\"txt\">Submit Now<\/span><\/button>\n<\/div>\n<\/div>\n<\/div>\n<\/div>\n<\/div>\n<div class=\"wpcf7-response-output\" aria-hidden=\"true\"><\/div><\/form><\/div>\t\t\t\t<\/div>\n\t\t\t\t\t\t\t<\/div>\n\t\t\t\n\t\t<\/div>\n\t<\/section>\n\t\n\t<!-- End Contact Form Section -->\n\t\t\n    \t\t<\/div>\n\t\t\t\t<\/div>\n\t\t\t\t\t<\/div>\n\t\t<\/div>\n\t\t\t\t\t\t\t<\/div>\n\t\t<\/section>\n\t\t\t\t<section class=\"elementor-section elementor-top-section elementor-element elementor-element-4411da4 elementor-section-full_width elementor-section-height-default elementor-section-height-default\" data-id=\"4411da4\" data-element_type=\"section\">\n\t\t\t\t\t\t<div class=\"elementor-container elementor-column-gap-default\">\n\t\t\t\t\t<div class=\"elementor-column elementor-col-100 elementor-top-column elementor-element elementor-element-a3f1500\" data-id=\"a3f1500\" data-element_type=\"column\">\n\t\t\t<div class=\"elementor-widget-wrap elementor-element-populated\">\n\t\t\t\t\t\t\t\t<div class=\"elementor-element elementor-element-3b3240f elementor-widget elementor-widget-nitech_google_map\" data-id=\"3b3240f\" data-element_type=\"widget\" data-widget_type=\"nitech_google_map.default\">\n\t\t\t\t<div class=\"elementor-widget-container\">\n\t\t\t\n\t<!-- Map Section -->\n\t<section class=\"contact-map-section\">\n\t\t<div class=\"outer-container\">\n\t\t\t<!-- Map Boxed -->\n\t\t\t<div class=\"map-boxed\">\n\t\t\t\t<!--Map Outer-->\n\t\t\t\t<div class=\"map-outer\">\n\t\t\t\t\t<iframe src=\"https:\/\/www.google.com\/maps\/embed?pb=!1m18!1m12!1m3!1d805196.5106799493!2d144.49266899075678!3d-37.970153973203324!2m3!1f0!2f0!3f0!3m2!1i1024!2i768!4f13.1!3m3!1m2!1s0x6ad646b5d2ba4df7%3A0x4045675218ccd90!2sMelbourne%20VIC%2C%20Australia!5e0!3m2!1sen!2s!4v1630554893723!5m2!1sen!2s\" width=\"600\" height=\"450\" style=\"border:0;\" allowfullscreen=\"\" loading=\"lazy\"><\/iframe>\t\t\t\t<\/div>\n\t\t\t<\/div>\n\t\t<\/div>\n\t<\/section>\n\t<!-- End Map Section -->\n\t\n     \t\t<\/div>\n\t\t\t\t<\/div>\n\t\t\t\t\t<\/div>\n\t\t<\/div>\n\t\t\t\t\t\t\t<\/div>\n\t\t<\/section>\n\t\t\t\t<section class=\"elementor-section elementor-top-section elementor-element elementor-element-5277199 elementor-section-full_width elementor-section-height-default elementor-section-height-default\" data-id=\"5277199\" data-element_type=\"section\">\n\t\t\t\t\t\t<div class=\"elementor-container elementor-column-gap-default\">\n\t\t\t\t\t<div class=\"elementor-column elementor-col-100 elementor-top-column elementor-element elementor-element-1eb382e\" data-id=\"1eb382e\" data-element_type=\"column\">\n\t\t\t<div class=\"elementor-widget-wrap elementor-element-populated\">\n\t\t\t\t\t\t\t\t<div class=\"elementor-element elementor-element-a1597d4 elementor-widget elementor-widget-nitech_our_clients\" data-id=\"a1597d4\" data-element_type=\"widget\" data-widget_type=\"nitech_our_clients.default\">\n\t\t\t\t<div class=\"elementor-widget-container\">\n\t\t\t\n\t<!-- Clients Section -->\n    <section class=\"clients-section style-two\" id=\"clients\">\n        <div class=\"auto-container\">\n            <div class=\"inner-container\">\n\t\t\t\t<div class=\"sponsors-outer\">\n\t\t\t\t\t<!--Sponsors Carousel-->\n\t\t\t\t\t<ul class=\"sponsors-carousel owl-carousel owl-theme\">\n\t\t\t\t\t\t\t\t\t\t\t<li class=\"slide-item\">\n\t\t\t\t\t\t\t<figure class=\"image-box\">\n\t\t\t\t\t\t\t\t<a href=\"https:\/\/flexiapps.net\/\"><img decoding=\"async\" src=\"https:\/\/www.tech-innosoft.com\/wp-content\/uploads\/2022\/04\/partenaire2.png\" alt=\"Awesome Image\"><\/a>\n\t\t\t\t\t\t\t<\/figure>\n\t\t\t\t\t\t<\/li>\n\t\t\t\t\t\t\t\t\t\t\t<li class=\"slide-item\">\n\t\t\t\t\t\t\t<figure class=\"image-box\">\n\t\t\t\t\t\t\t\t<a href=\"https:\/\/donetechno.com\"><img decoding=\"async\" src=\"https:\/\/www.tech-innosoft.com\/wp-content\/uploads\/2022\/04\/partenaire4.png\" alt=\"Awesome Image\"><\/a>\n\t\t\t\t\t\t\t<\/figure>\n\t\t\t\t\t\t<\/li>\n\t\t\t\t\t\t\t\t\t\t\t<li class=\"slide-item\">\n\t\t\t\t\t\t\t<figure class=\"image-box\">\n\t\t\t\t\t\t\t\t<a href=\"https:\/\/www.informatiquegt2000.com\"><img decoding=\"async\" src=\"https:\/\/www.tech-innosoft.com\/wp-content\/uploads\/2022\/04\/partenaire1.png\" alt=\"Awesome Image\"><\/a>\n\t\t\t\t\t\t\t<\/figure>\n\t\t\t\t\t\t<\/li>\n\t\t\t\t\t\t\t\t\t\t\t<li class=\"slide-item\">\n\t\t\t\t\t\t\t<figure class=\"image-box\">\n\t\t\t\t\t\t\t\t<a href=\"https:\/\/www.helpox.com\/\"><img decoding=\"async\" src=\"https:\/\/www.tech-innosoft.com\/wp-content\/uploads\/2022\/04\/partenaire3.png\" alt=\"Awesome Image\"><\/a>\n\t\t\t\t\t\t\t<\/figure>\n\t\t\t\t\t\t<\/li>\n\t\t\t\t\t\t\t\t\t\t<\/ul>\n\t\t\t\t<\/div>\n            <\/div>\n        <\/div>\n    <\/section>\n\t\n    <!-- End Clients Section -->\n\t\t\n    \t\t<\/div>\n\t\t\t\t<\/div>\n\t\t\t\t\t<\/div>\n\t\t<\/div>\n\t\t\t\t\t\t\t<\/div>\n\t\t<\/section>\n\t\t\t\t\t\t\t<\/div>\n\t\t","protected":false},"excerpt":{"rendered":"<p>Information sur nos Contacts Nous voulons vous aidez N&#8217;h\u00e9sitez pas \u00e0 nous contacter en utilisant le formulaire ci-dessous. Nous serions ravis d&#8217;entendre vos pens\u00e9es et de r\u00e9pondre \u00e0 toutes vos questions ! Addresse: 90, Avenue March\u00e9 Central, Bunia, RDC T\u00e9l\u00e9phone: (+243) 823 577 612 (+243) 811 969 522 Email: service@tech-innosoft.com info@tech-innosoft.com Entr\u00e9 en contact Echange [&hellip;]<\/p>\n","protected":false},"author":1,"featured_media":0,"parent":0,"menu_order":0,"comment_status":"closed","ping_status":"closed","template":"elementor_theme","meta":{"footnotes":""},"class_list":["post-570","page","type-page","status-publish","hentry"],"_links":{"self":[{"href":"https:\/\/www.tech-innosoft.com\/index.php\/wp-json\/wp\/v2\/pages\/570","targetHints":{"allow":["GET"]}}],"collection":[{"href":"https:\/\/www.tech-innosoft.com\/index.php\/wp-json\/wp\/v2\/pages"}],"about":[{"href":"https:\/\/www.tech-innosoft.com\/index.php\/wp-json\/wp\/v2\/types\/page"}],"author":[{"embeddable":true,"href":"https:\/\/www.tech-innosoft.com\/index.php\/wp-json\/wp\/v2\/users\/1"}],"replies":[{"embeddable":true,"href":"https:\/\/www.tech-innosoft.com\/index.php\/wp-json\/wp\/v2\/comments?post=570"}],"version-history":[{"count":26,"href":"https:\/\/www.tech-innosoft.com\/index.php\/wp-json\/wp\/v2\/pages\/570\/revisions"}],"predecessor-version":[{"id":1887,"href":"https:\/\/www.tech-innosoft.com\/index.php\/wp-json\/wp\/v2\/pages\/570\/revisions\/1887"}],"wp:attachment":[{"href":"https:\/\/www.tech-innosoft.com\/index.php\/wp-json\/wp\/v2\/media?parent=570"}],"curies":[{"name":"wp","href":"https:\/\/api.w.org\/{rel}","templated":true}]}}